{"id":1181,"date":"2024-07-29T09:34:43","date_gmt":"2024-07-29T07:34:43","guid":{"rendered":"https:\/\/beautyworld-marbella.com\/ueber-uns\/"},"modified":"2024-08-04T12:52:17","modified_gmt":"2024-08-04T10:52:17","slug":"uber-uns","status":"publish","type":"page","link":"https:\/\/beautyworld-marbella.com\/de\/uber-uns\/","title":{"rendered":"\u00dcber uns"},"content":{"rendered":"\t\t<div data-elementor-type=\"wp-page\" data-elementor-id=\"1181\" class=\"elementor elementor-1181 elementor-610\" data-elementor-post-type=\"page\">\n\t\t\t\t\t\t<section class=\"elementor-section elementor-top-section elementor-element elementor-element-17d75911 elementor-section-boxed elementor-section-height-default elementor-section-height-default\" data-id=\"17d75911\" data-element_type=\"section\" data-settings=\"{&quot;background_background&quot;:&quot;classic&quot;}\">\n\t\t\t\t\t\t\t<div class=\"elementor-background-overlay\"><\/div>\n\t\t\t\t\t\t\t<div class=\"elementor-container elementor-column-gap-default\">\n\t\t\t\t\t<div class=\"elementor-column elementor-col-100 elementor-top-column elementor-element elementor-element-6588e91c\" data-id=\"6588e91c\" data-element_type=\"column\">\n\t\t\t<div class=\"elementor-widget-wrap elementor-element-populated\">\n\t\t\t\t\t\t<div class=\"elementor-element elementor-element-69ece40f elementor-widget__width-auto elementor-icon-list--layout-traditional elementor-list-item-link-full_width elementor-widget elementor-widget-icon-list\" data-id=\"69ece40f\" data-element_type=\"widget\" data-widget_type=\"icon-list.default\">\n\t\t\t\t<div class=\"elementor-widget-container\">\n\t\t\t<link rel=\"stylesheet\" href=\"https:\/\/beautyworld-marbella.com\/wp-content\/plugins\/elementor\/assets\/css\/widget-icon-list.min.css\">\t\t<ul class=\"elementor-icon-list-items\">\n\t\t\t\t\t\t\t<li class=\"elementor-icon-list-item\">\n\t\t\t\t\t\t\t\t\t\t\t<a href=\"\/de\">\n\n\t\t\t\t\t\t\t\t\t\t\t<span class=\"elementor-icon-list-text\">Start<\/span>\n\t\t\t\t\t\t\t\t\t\t\t<\/a>\n\t\t\t\t\t\t\t\t\t<\/li>\n\t\t\t\t\t\t<\/ul>\n\t\t\t\t<\/div>\n\t\t\t\t<\/div>\n\t\t\t\t<div class=\"elementor-element elementor-element-26c36ad2 elementor-widget__width-auto elementor-widget elementor-widget-heading\" data-id=\"26c36ad2\" data-element_type=\"widget\" data-widget_type=\"heading.default\">\n\t\t\t\t<div class=\"elementor-widget-container\">\n\t\t\t<style>\/*! elementor - v3.23.0 - 05-08-2024 *\/\n.elementor-heading-title{padding:0;margin:0;line-height:1}.elementor-widget-heading .elementor-heading-title[class*=elementor-size-]>a{color:inherit;font-size:inherit;line-height:inherit}.elementor-widget-heading .elementor-heading-title.elementor-size-small{font-size:15px}.elementor-widget-heading .elementor-heading-title.elementor-size-medium{font-size:19px}.elementor-widget-heading .elementor-heading-title.elementor-size-large{font-size:29px}.elementor-widget-heading .elementor-heading-title.elementor-size-xl{font-size:39px}.elementor-widget-heading .elementor-heading-title.elementor-size-xxl{font-size:59px}<\/style><h2 class=\"elementor-heading-title elementor-size-default\">\/<\/h2>\t\t<\/div>\n\t\t\t\t<\/div>\n\t\t\t\t<div class=\"elementor-element elementor-element-2e4a68b8 elementor-widget__width-auto elementor-icon-list--layout-traditional elementor-list-item-link-full_width elementor-widget elementor-widget-icon-list\" data-id=\"2e4a68b8\" data-element_type=\"widget\" data-widget_type=\"icon-list.default\">\n\t\t\t\t<div class=\"elementor-widget-container\">\n\t\t\t\t\t<ul class=\"elementor-icon-list-items\">\n\t\t\t\t\t\t\t<li class=\"elementor-icon-list-item\">\n\t\t\t\t\t\t\t\t\t\t<span class=\"elementor-icon-list-text\">\u00dcber uns<\/span>\n\t\t\t\t\t\t\t\t\t<\/li>\n\t\t\t\t\t\t<\/ul>\n\t\t\t\t<\/div>\n\t\t\t\t<\/div>\n\t\t\t\t<div class=\"elementor-element elementor-element-3849822a elementor-widget elementor-widget-heading\" data-id=\"3849822a\" data-element_type=\"widget\" data-widget_type=\"heading.default\">\n\t\t\t\t<div class=\"elementor-widget-container\">\n\t\t\t<h2 class=\"elementor-heading-title elementor-size-default\">\u00dcber uns<\/h2>\t\t<\/div>\n\t\t\t\t<\/div>\n\t\t\t\t\t<\/div>\n\t\t<\/div>\n\t\t\t\t\t<\/div>\n\t\t<\/section>\n\t\t\t\t<section class=\"elementor-section elementor-top-section elementor-element elementor-element-2c17e3cc elementor-section-boxed elementor-section-height-default elementor-section-height-default\" data-id=\"2c17e3cc\" data-element_type=\"section\">\n\t\t\t\t\t\t<div class=\"elementor-container elementor-column-gap-wider\">\n\t\t\t\t\t<div class=\"elementor-column elementor-col-50 elementor-top-column elementor-element elementor-element-7afb5566\" data-id=\"7afb5566\" data-element_type=\"column\">\n\t\t\t<div class=\"elementor-widget-wrap elementor-element-populated\">\n\t\t\t\t\t\t<div class=\"elementor-element elementor-element-4bc4ba95 elementor-widget elementor-widget-heading\" data-id=\"4bc4ba95\" data-element_type=\"widget\" data-widget_type=\"heading.default\">\n\t\t\t\t<div class=\"elementor-widget-container\">\n\t\t\t<h3 class=\"elementor-heading-title elementor-size-default\">\u00dcber uns<\/h3>\t\t<\/div>\n\t\t\t\t<\/div>\n\t\t\t\t<div class=\"elementor-element elementor-element-7a34f81e elementor-widget elementor-widget-text-editor\" data-id=\"7a34f81e\" data-element_type=\"widget\" data-widget_type=\"text-editor.default\">\n\t\t\t\t<div class=\"elementor-widget-container\">\n\t\t\t<style>\/*! elementor - v3.23.0 - 05-08-2024 *\/\n.elementor-widget-text-editor.elementor-drop-cap-view-stacked .elementor-drop-cap{background-color:#69727d;color:#fff}.elementor-widget-text-editor.elementor-drop-cap-view-framed .elementor-drop-cap{color:#69727d;border:3px solid;background-color:transparent}.elementor-widget-text-editor:not(.elementor-drop-cap-view-default) .elementor-drop-cap{margin-top:8px}.elementor-widget-text-editor:not(.elementor-drop-cap-view-default) .elementor-drop-cap-letter{width:1em;height:1em}.elementor-widget-text-editor .elementor-drop-cap{float:left;text-align:center;line-height:1;font-size:50px}.elementor-widget-text-editor .elementor-drop-cap-letter{display:inline-block}<\/style>\t\t\t\t<p>Die Beautyworld gibt es seit 1998, und immer in dem \u201eGespann\u201c Mutter \u2013 Tochter.<br \/>Jearmaine hat schon w\u00e4hrend Ihrer Ausbildung zur \u201estaatlich gepr\u00fcften Kosmetikerin\u201c in der Beautyworld gearbeitet und ist somit eine wichtige St\u00fctze f\u00fcr Zofia. Beide sind bestens aufeinander eingespielt und verstehen sich blind. F\u00fcr Zofia und Jearmaine ist der Beruf tats\u00e4chlich eine Berufung und so \u00fcben sie ihn auch aus, mit Liebe zum Beruf und Freude bei der Arbeit am und mit dem Kunden. Um immer auf dem aktuellen Stand der Dermatologie zu sein, besuchen sie weiterhin wichtige Weiterbildungskurse, so auch regelm\u00e4\u00dfig Seminare f\u00fcr Kosmotologie in Deutschland.<\/p><p>Jearmaine hat im Jahr 2014 auch Ihren Lebensmittelpunkt nach Marbella verlegt und unterst\u00fctzt nun wieder die Mutti in der Beautyworld. Da die Kundschaft der Beautyworld immer internationaler geworden ist, haben Zofia und Jearmaine ihre Spanisch- und Englischkenntnisse aufgefrischt und arbeiten t\u00e4glich an deren Verbesserung.<\/p><p>Bis auf das Permanent Make-up, das von Zofia angeboten wird, hat Jearmaine die gleiche Ausbildung und F\u00e4higkeiten wie die Mutter erlangt und egal in welche H\u00e4nde Sie sich begeben, in der Beautyworld sind Sie immer in den besten H\u00e4nden.<\/p><p>Im Mittelpunkt der Beautyworld stehen dermo-kosmetische Behandlungen mit den hochwertigen Produkten von Reviderm und Ruck. Mit diesen beiden deutschen Marken bieten wir Ihnen eine Systempflege, die Hightech mit den Kr\u00e4ften der Natur in Einklang bringt. Die innovative Kombination hautidentischer und hautaktiver Wirkstoffe wirkt Alterungsprozessen gezielt entgegen und gibt Ihrer Haut genau das, was sie ben\u00f6tigt, um ihre volle Sch\u00f6nheit zu entfalten. Zofia sagt immer, in der Beautyworld gibt es keine \u201eKuschelkosmetik\u201c, wo nur etwas auf Gesicht aufgetragen wird, sondern es wird immer darauf geachtet, dass die Haut gepuscht wird, dass sie angeregt wird mitzumachen und nicht wegen st\u00e4ndig gleicher Behandlungen einschl\u00e4ft.<\/p>\t\t\t\t\t\t<\/div>\n\t\t\t\t<\/div>\n\t\t\t\t<div class=\"elementor-element elementor-element-9b16be9 elementor-widget elementor-widget-heading\" data-id=\"9b16be9\" data-element_type=\"widget\" data-widget_type=\"heading.default\">\n\t\t\t\t<div class=\"elementor-widget-container\">\n\t\t\t<h2 class=\"elementor-heading-title elementor-size-default\">Intelligente Hautpflege mit System \u2013 Geballte Kompetenz f\u00fcr Ihre Haut\n\n<\/h2>\t\t<\/div>\n\t\t\t\t<\/div>\n\t\t\t\t<div class=\"elementor-element elementor-element-f501729 elementor-widget elementor-widget-text-editor\" data-id=\"f501729\" data-element_type=\"widget\" data-widget_type=\"text-editor.default\">\n\t\t\t\t<div class=\"elementor-widget-container\">\n\t\t\t\t\t\t\t<p>In der Beautyworld werden Sie fachlich kompetent beraten und behandelt. So k\u00f6nnen Sie sicher sein, dass Kosmetikbehandlungen und Pflegeprodukte exakt auf Ihre individuellen Hautbed\u00fcrfnisse zugeschnitten sind.<br \/>Alle Produkte sind frei von allergiekritischen Bestandteilen und irritierenden Konservierungsmitteln.<br \/>Wir glauben daran, dass jeder eine sch\u00f6ne und gesunde Haut verdient hat. Denn nur, wer sich buchst\u00e4blich wohl in seiner Haut f\u00fchlt, kann das Leben in vollen Z\u00fcgen genie\u00dfen. Seit 1998 dreht sich bei der Beautyworld deshalb alles um das Thema Hautpflege.<\/p>\t\t\t\t\t\t<\/div>\n\t\t\t\t<\/div>\n\t\t\t\t\t<\/div>\n\t\t<\/div>\n\t\t\t\t<div class=\"elementor-column elementor-col-50 elementor-top-column elementor-element elementor-element-76eea457\" data-id=\"76eea457\" data-element_type=\"column\">\n\t\t\t<div class=\"elementor-widget-wrap elementor-element-populated\">\n\t\t\t\t\t\t<div class=\"elementor-element elementor-element-7dae3078 elementor-widget elementor-widget-image\" data-id=\"7dae3078\" data-element_type=\"widget\" data-widget_type=\"image.default\">\n\t\t\t\t<div class=\"elementor-widget-container\">\n\t\t\t<style>\/*! elementor - v3.23.0 - 05-08-2024 *\/\n.elementor-widget-image{text-align:center}.elementor-widget-image a{display:inline-block}.elementor-widget-image a img[src$=\".svg\"]{width:48px}.elementor-widget-image img{vertical-align:middle;display:inline-block}<\/style>\t\t\t\t\t\t\t\t\t\t<img fetchpriority=\"high\" decoding=\"async\" width=\"1024\" height=\"642\" src=\"https:\/\/beautyworld-marbella.com\/wp-content\/uploads\/2024\/07\/opening-beautyworld-4.jpg\" class=\"attachment-full size-full wp-image-615\" alt=\"\" srcset=\"https:\/\/beautyworld-marbella.com\/wp-content\/uploads\/2024\/07\/opening-beautyworld-4.jpg 1024w, https:\/\/beautyworld-marbella.com\/wp-content\/uploads\/2024\/07\/opening-beautyworld-4-300x188.jpg 300w, https:\/\/beautyworld-marbella.com\/wp-content\/uploads\/2024\/07\/opening-beautyworld-4-768x482.jpg 768w\" sizes=\"(max-width: 1024px) 100vw, 1024px\" \/>\t\t\t\t\t\t\t\t\t\t\t\t\t<\/div>\n\t\t\t\t<\/div>\n\t\t\t\t<div class=\"elementor-element elementor-element-5e7ad6b elementor-widget elementor-widget-image\" data-id=\"5e7ad6b\" data-element_type=\"widget\" data-widget_type=\"image.default\">\n\t\t\t\t<div class=\"elementor-widget-container\">\n\t\t\t\t\t\t\t\t\t\t\t\t\t<img decoding=\"async\" width=\"1024\" height=\"642\" src=\"https:\/\/beautyworld-marbella.com\/wp-content\/uploads\/2024\/08\/about-us2.webp\" class=\"attachment-full size-full wp-image-1082\" alt=\"\" srcset=\"https:\/\/beautyworld-marbella.com\/wp-content\/uploads\/2024\/08\/about-us2.webp 1024w, https:\/\/beautyworld-marbella.com\/wp-content\/uploads\/2024\/08\/about-us2-300x188.webp 300w, https:\/\/beautyworld-marbella.com\/wp-content\/uploads\/2024\/08\/about-us2-768x482.webp 768w\" sizes=\"(max-width: 1024px) 100vw, 1024px\" \/>\t\t\t\t\t\t\t\t\t\t\t\t\t<\/div>\n\t\t\t\t<\/div>\n\t\t\t\t\t<\/div>\n\t\t<\/div>\n\t\t\t\t\t<\/div>\n\t\t<\/section>\n\t\t\t\t<\/div>\n\t\t","protected":false},"excerpt":{"rendered":"<p>Start \/ \u00dcber uns \u00dcber uns \u00dcber uns Die Beautyworld gibt es seit 1998, und immer in dem \u201eGespann\u201c Mutter \u2013 Tochter.Jearmaine hat schon w\u00e4hrend Ihrer Ausbildung zur \u201estaatlich gepr\u00fcften Kosmetikerin\u201c in der Beautyworld gearbeitet und ist somit eine wichtige St\u00fctze f\u00fcr Zofia. Beide sind bestens aufeinander eingespielt und verstehen sich blind. F\u00fcr Zofia und [&hellip;]<\/p>\n","protected":false},"author":1,"featured_media":0,"parent":0,"menu_order":0,"comment_status":"closed","ping_status":"closed","template":"elementor_header_footer","meta":{"footnotes":""},"class_list":["post-1181","page","type-page","status-publish","hentry"],"_links":{"self":[{"href":"https:\/\/beautyworld-marbella.com\/de\/wp-json\/wp\/v2\/pages\/1181"}],"collection":[{"href":"https:\/\/beautyworld-marbella.com\/de\/wp-json\/wp\/v2\/pages"}],"about":[{"href":"https:\/\/beautyworld-marbella.com\/de\/wp-json\/wp\/v2\/types\/page"}],"author":[{"embeddable":true,"href":"https:\/\/beautyworld-marbella.com\/de\/wp-json\/wp\/v2\/users\/1"}],"replies":[{"embeddable":true,"href":"https:\/\/beautyworld-marbella.com\/de\/wp-json\/wp\/v2\/comments?post=1181"}],"version-history":[{"count":4,"href":"https:\/\/beautyworld-marbella.com\/de\/wp-json\/wp\/v2\/pages\/1181\/revisions"}],"predecessor-version":[{"id":1185,"href":"https:\/\/beautyworld-marbella.com\/de\/wp-json\/wp\/v2\/pages\/1181\/revisions\/1185"}],"wp:attachment":[{"href":"https:\/\/beautyworld-marbella.com\/de\/wp-json\/wp\/v2\/media?parent=1181"}],"curies":[{"name":"wp","href":"https:\/\/api.w.org\/{rel}","templated":true}]}}