{"id":1045,"date":"2024-07-29T09:34:43","date_gmt":"2024-07-29T07:34:43","guid":{"rendered":"https:\/\/beautyworld-marbella.com\/sobre-nosotros\/"},"modified":"2024-08-02T08:57:37","modified_gmt":"2024-08-02T06:57:37","slug":"sobre-nosotros","status":"publish","type":"page","link":"https:\/\/beautyworld-marbella.com\/es\/sobre-nosotros\/","title":{"rendered":"Sobre nosotros"},"content":{"rendered":"\t\t<div data-elementor-type=\"wp-page\" data-elementor-id=\"1045\" class=\"elementor elementor-1045 elementor-610\" data-elementor-post-type=\"page\">\n\t\t\t\t\t\t<section class=\"elementor-section elementor-top-section elementor-element elementor-element-17d75911 elementor-section-boxed elementor-section-height-default elementor-section-height-default\" data-id=\"17d75911\" data-element_type=\"section\" data-settings=\"{&quot;background_background&quot;:&quot;classic&quot;}\">\n\t\t\t\t\t\t\t<div class=\"elementor-background-overlay\"><\/div>\n\t\t\t\t\t\t\t<div class=\"elementor-container elementor-column-gap-default\">\n\t\t\t\t\t<div class=\"elementor-column elementor-col-100 elementor-top-column elementor-element elementor-element-6588e91c\" data-id=\"6588e91c\" data-element_type=\"column\">\n\t\t\t<div class=\"elementor-widget-wrap elementor-element-populated\">\n\t\t\t\t\t\t<div class=\"elementor-element elementor-element-69ece40f elementor-widget__width-auto elementor-icon-list--layout-traditional elementor-list-item-link-full_width elementor-widget elementor-widget-icon-list\" data-id=\"69ece40f\" data-element_type=\"widget\" data-widget_type=\"icon-list.default\">\n\t\t\t\t<div class=\"elementor-widget-container\">\n\t\t\t<link rel=\"stylesheet\" href=\"https:\/\/beautyworld-marbella.com\/wp-content\/plugins\/elementor\/assets\/css\/widget-icon-list.min.css\">\t\t<ul class=\"elementor-icon-list-items\">\n\t\t\t\t\t\t\t<li class=\"elementor-icon-list-item\">\n\t\t\t\t\t\t\t\t\t\t\t<a href=\"https:\/\/beautyworld-marbella.com\/es\/\">\n\n\t\t\t\t\t\t\t\t\t\t\t<span class=\"elementor-icon-list-text\">Inicio<\/span>\n\t\t\t\t\t\t\t\t\t\t\t<\/a>\n\t\t\t\t\t\t\t\t\t<\/li>\n\t\t\t\t\t\t<\/ul>\n\t\t\t\t<\/div>\n\t\t\t\t<\/div>\n\t\t\t\t<div class=\"elementor-element elementor-element-26c36ad2 elementor-widget__width-auto elementor-widget elementor-widget-heading\" data-id=\"26c36ad2\" data-element_type=\"widget\" data-widget_type=\"heading.default\">\n\t\t\t\t<div class=\"elementor-widget-container\">\n\t\t\t<style>\/*! elementor - v3.23.0 - 05-08-2024 *\/\n.elementor-heading-title{padding:0;margin:0;line-height:1}.elementor-widget-heading .elementor-heading-title[class*=elementor-size-]>a{color:inherit;font-size:inherit;line-height:inherit}.elementor-widget-heading .elementor-heading-title.elementor-size-small{font-size:15px}.elementor-widget-heading .elementor-heading-title.elementor-size-medium{font-size:19px}.elementor-widget-heading .elementor-heading-title.elementor-size-large{font-size:29px}.elementor-widget-heading .elementor-heading-title.elementor-size-xl{font-size:39px}.elementor-widget-heading .elementor-heading-title.elementor-size-xxl{font-size:59px}<\/style><h2 class=\"elementor-heading-title elementor-size-default\">\/<\/h2>\t\t<\/div>\n\t\t\t\t<\/div>\n\t\t\t\t<div class=\"elementor-element elementor-element-2e4a68b8 elementor-widget__width-auto elementor-icon-list--layout-traditional elementor-list-item-link-full_width elementor-widget elementor-widget-icon-list\" data-id=\"2e4a68b8\" data-element_type=\"widget\" data-widget_type=\"icon-list.default\">\n\t\t\t\t<div class=\"elementor-widget-container\">\n\t\t\t\t\t<ul class=\"elementor-icon-list-items\">\n\t\t\t\t\t\t\t<li class=\"elementor-icon-list-item\">\n\t\t\t\t\t\t\t\t\t\t<span class=\"elementor-icon-list-text\">Sobre nosotros<\/span>\n\t\t\t\t\t\t\t\t\t<\/li>\n\t\t\t\t\t\t<\/ul>\n\t\t\t\t<\/div>\n\t\t\t\t<\/div>\n\t\t\t\t<div class=\"elementor-element elementor-element-3849822a elementor-widget elementor-widget-heading\" data-id=\"3849822a\" data-element_type=\"widget\" data-widget_type=\"heading.default\">\n\t\t\t\t<div class=\"elementor-widget-container\">\n\t\t\t<h2 class=\"elementor-heading-title elementor-size-default\">Sobre nosotros<\/h2>\t\t<\/div>\n\t\t\t\t<\/div>\n\t\t\t\t\t<\/div>\n\t\t<\/div>\n\t\t\t\t\t<\/div>\n\t\t<\/section>\n\t\t\t\t<section class=\"elementor-section elementor-top-section elementor-element elementor-element-2c17e3cc elementor-section-boxed elementor-section-height-default elementor-section-height-default\" data-id=\"2c17e3cc\" data-element_type=\"section\">\n\t\t\t\t\t\t<div class=\"elementor-container elementor-column-gap-wider\">\n\t\t\t\t\t<div class=\"elementor-column elementor-col-50 elementor-top-column elementor-element elementor-element-7afb5566\" data-id=\"7afb5566\" data-element_type=\"column\">\n\t\t\t<div class=\"elementor-widget-wrap elementor-element-populated\">\n\t\t\t\t\t\t<div class=\"elementor-element elementor-element-4bc4ba95 elementor-widget elementor-widget-heading\" data-id=\"4bc4ba95\" data-element_type=\"widget\" data-widget_type=\"heading.default\">\n\t\t\t\t<div class=\"elementor-widget-container\">\n\t\t\t<h3 class=\"elementor-heading-title elementor-size-default\">Sobre nosotros<\/h3>\t\t<\/div>\n\t\t\t\t<\/div>\n\t\t\t\t<div class=\"elementor-element elementor-element-7a34f81e elementor-widget elementor-widget-text-editor\" data-id=\"7a34f81e\" data-element_type=\"widget\" data-widget_type=\"text-editor.default\">\n\t\t\t\t<div class=\"elementor-widget-container\">\n\t\t\t<style>\/*! elementor - v3.23.0 - 05-08-2024 *\/\n.elementor-widget-text-editor.elementor-drop-cap-view-stacked .elementor-drop-cap{background-color:#69727d;color:#fff}.elementor-widget-text-editor.elementor-drop-cap-view-framed .elementor-drop-cap{color:#69727d;border:3px solid;background-color:transparent}.elementor-widget-text-editor:not(.elementor-drop-cap-view-default) .elementor-drop-cap{margin-top:8px}.elementor-widget-text-editor:not(.elementor-drop-cap-view-default) .elementor-drop-cap-letter{width:1em;height:1em}.elementor-widget-text-editor .elementor-drop-cap{float:left;text-align:center;line-height:1;font-size:50px}.elementor-widget-text-editor .elementor-drop-cap-letter{display:inline-block}<\/style>\t\t\t\t<p>Beautyworld abre sus puertas en el a\u00f1o 1998, madre e hija de la mano. Jearmaine ya hab\u00eda trabajado durante su formaci\u00f3n como esteticista en Beautyworld y se hab\u00eda convertido en un gran apoyo para Zofia. Entre ambas existe una s\u00f3lida conexi\u00f3n y se entienden a la perfecci\u00f3n. Tanto para Zofia como para Jearmaine, la profesi\u00f3n es una verdadera vocaci\u00f3n y la ejercen con mucha ilusi\u00f3n. Para estar siempre al d\u00eda en el campo de la dermatolog\u00eda, asisten con regularidad a cursos y seminarios de formaci\u00f3n en Alemania.<\/p><p>Jearmaine fij\u00f3 su residencia definitiva en Marbella en el a\u00f1o 2014 y contin\u00faa desde entonces apoyando a su madre en Beautyworld. Con una clientela cada vez m\u00e1s internacional, Zofia y Jearmine han actualizado sus conocimientos de espa\u00f1ol e ingl\u00e9s y trabajan cada d\u00eda para seguir mejor\u00e1ndolos.<\/p><p>A excepci\u00f3n del maquillaje permanente, especialidad que realiza \u00fanicamente Zofia, Jearmaine cuentan con la misma formaci\u00f3n y las mismas destrezas que su madre y, tanto con la una como con la otra, el cliente de Beautyworld estar\u00e1 siempre en las mejores manos.<\/p><p>Beautyworld est\u00e1 especializado en tratamientos dermocosm\u00e9ticos con productos de alta calidad de Reviderm y Ruck, dos excelentes marcas alemanas que combinan la m\u00e1s alta tecnolog\u00eda con el poder de la naturaleza. Los principios activos e id\u00e9nticos a la piel act\u00faan como potente rejuvenecedor, favoreciendo la regeneraci\u00f3n celular desde el interior para una piel radiante y sin arrugas. A Zof\u00eda siempre le gusta remarcar que en Beautyworld no se ofrecen simplemente tratamientos que \u201cmimen\u201d la piel, sino que se trabaja y se estimula de forma activa la renovaci\u00f3n celular para unos resultados visibles y duraderos.<\/p>\t\t\t\t\t\t<\/div>\n\t\t\t\t<\/div>\n\t\t\t\t<div class=\"elementor-element elementor-element-765b7536 elementor-widget elementor-widget-heading\" data-id=\"765b7536\" data-element_type=\"widget\" data-widget_type=\"heading.default\">\n\t\t\t\t<div class=\"elementor-widget-container\">\n\t\t\t<h2 class=\"elementor-heading-title elementor-size-default\">Cuidado inteligente de la piel \u2013 Amplia experiencia y profesionalidad<\/h2>\t\t<\/div>\n\t\t\t\t<\/div>\n\t\t\t\t<div class=\"elementor-element elementor-element-22483594 elementor-widget elementor-widget-text-editor\" data-id=\"22483594\" data-element_type=\"widget\" data-widget_type=\"text-editor.default\">\n\t\t\t\t<div class=\"elementor-widget-container\">\n\t\t\t\t\t\t\t<p>Beautyworld ofrece un asesoramiento profesional, competente, de confianza y a la medida de las necesidades individuales de cada cliente.<\/p><p>Todos los productos utilizados est\u00e1n libres de al\u00e9rgenos y de sustancias irritantes.<\/p><p>Creemos firmemente que todos y cada uno de nosotros merecemos una piel sana y bonita. Porque solo cuando nos sentimos bien en nuestra propia piel, disfrutamos plenamente de todo lo dem\u00e1s. Por ello, desde 1998, en Beautyworld todo gira en torno al cuidado de la piel.<\/p>\t\t\t\t\t\t<\/div>\n\t\t\t\t<\/div>\n\t\t\t\t\t<\/div>\n\t\t<\/div>\n\t\t\t\t<div class=\"elementor-column elementor-col-50 elementor-top-column elementor-element elementor-element-76eea457\" data-id=\"76eea457\" data-element_type=\"column\">\n\t\t\t<div class=\"elementor-widget-wrap elementor-element-populated\">\n\t\t\t\t\t\t<div class=\"elementor-element elementor-element-7dae3078 elementor-widget elementor-widget-image\" data-id=\"7dae3078\" data-element_type=\"widget\" data-widget_type=\"image.default\">\n\t\t\t\t<div class=\"elementor-widget-container\">\n\t\t\t<style>\/*! elementor - v3.23.0 - 05-08-2024 *\/\n.elementor-widget-image{text-align:center}.elementor-widget-image a{display:inline-block}.elementor-widget-image a img[src$=\".svg\"]{width:48px}.elementor-widget-image img{vertical-align:middle;display:inline-block}<\/style>\t\t\t\t\t\t\t\t\t\t<img fetchpriority=\"high\" decoding=\"async\" width=\"1024\" height=\"642\" src=\"https:\/\/beautyworld-marbella.com\/wp-content\/uploads\/2024\/07\/opening-beautyworld-4.jpg\" class=\"attachment-full size-full wp-image-615\" alt=\"\" srcset=\"https:\/\/beautyworld-marbella.com\/wp-content\/uploads\/2024\/07\/opening-beautyworld-4.jpg 1024w, https:\/\/beautyworld-marbella.com\/wp-content\/uploads\/2024\/07\/opening-beautyworld-4-300x188.jpg 300w, https:\/\/beautyworld-marbella.com\/wp-content\/uploads\/2024\/07\/opening-beautyworld-4-768x482.jpg 768w\" sizes=\"(max-width: 1024px) 100vw, 1024px\" \/>\t\t\t\t\t\t\t\t\t\t\t\t\t<\/div>\n\t\t\t\t<\/div>\n\t\t\t\t<div class=\"elementor-element elementor-element-7782696 elementor-widget elementor-widget-image\" data-id=\"7782696\" data-element_type=\"widget\" data-widget_type=\"image.default\">\n\t\t\t\t<div class=\"elementor-widget-container\">\n\t\t\t\t\t\t\t\t\t\t\t\t\t<img decoding=\"async\" width=\"1024\" height=\"642\" src=\"https:\/\/beautyworld-marbella.com\/wp-content\/uploads\/2024\/08\/about-us2-1.webp\" class=\"attachment-full size-full wp-image-1088\" alt=\"\" srcset=\"https:\/\/beautyworld-marbella.com\/wp-content\/uploads\/2024\/08\/about-us2-1.webp 1024w, https:\/\/beautyworld-marbella.com\/wp-content\/uploads\/2024\/08\/about-us2-1-300x188.webp 300w, https:\/\/beautyworld-marbella.com\/wp-content\/uploads\/2024\/08\/about-us2-1-768x482.webp 768w\" sizes=\"(max-width: 1024px) 100vw, 1024px\" \/>\t\t\t\t\t\t\t\t\t\t\t\t\t<\/div>\n\t\t\t\t<\/div>\n\t\t\t\t\t<\/div>\n\t\t<\/div>\n\t\t\t\t\t<\/div>\n\t\t<\/section>\n\t\t\t\t<\/div>\n\t\t","protected":false},"excerpt":{"rendered":"<p>Inicio \/ Sobre nosotros Sobre nosotros Sobre nosotros Beautyworld abre sus puertas en el a\u00f1o 1998, madre e hija de la mano. Jearmaine ya hab\u00eda trabajado durante su formaci\u00f3n como esteticista en Beautyworld y se hab\u00eda convertido en un gran apoyo para Zofia. Entre ambas existe una s\u00f3lida conexi\u00f3n y se entienden a la perfecci\u00f3n. [&hellip;]<\/p>\n","protected":false},"author":1,"featured_media":0,"parent":0,"menu_order":0,"comment_status":"closed","ping_status":"closed","template":"elementor_header_footer","meta":{"footnotes":""},"class_list":["post-1045","page","type-page","status-publish","hentry"],"_links":{"self":[{"href":"https:\/\/beautyworld-marbella.com\/es\/wp-json\/wp\/v2\/pages\/1045"}],"collection":[{"href":"https:\/\/beautyworld-marbella.com\/es\/wp-json\/wp\/v2\/pages"}],"about":[{"href":"https:\/\/beautyworld-marbella.com\/es\/wp-json\/wp\/v2\/types\/page"}],"author":[{"embeddable":true,"href":"https:\/\/beautyworld-marbella.com\/es\/wp-json\/wp\/v2\/users\/1"}],"replies":[{"embeddable":true,"href":"https:\/\/beautyworld-marbella.com\/es\/wp-json\/wp\/v2\/comments?post=1045"}],"version-history":[{"count":7,"href":"https:\/\/beautyworld-marbella.com\/es\/wp-json\/wp\/v2\/pages\/1045\/revisions"}],"predecessor-version":[{"id":1093,"href":"https:\/\/beautyworld-marbella.com\/es\/wp-json\/wp\/v2\/pages\/1045\/revisions\/1093"}],"wp:attachment":[{"href":"https:\/\/beautyworld-marbella.com\/es\/wp-json\/wp\/v2\/media?parent=1045"}],"curies":[{"name":"wp","href":"https:\/\/api.w.org\/{rel}","templated":true}]}}