{"id":1065,"date":"2024-07-31T11:53:44","date_gmt":"2024-07-31T09:53:44","guid":{"rendered":"https:\/\/beautyworld-marbella.com\/impressum\/"},"modified":"2024-08-20T17:17:06","modified_gmt":"2024-08-20T15:17:06","slug":"impressum","status":"publish","type":"page","link":"https:\/\/beautyworld-marbella.com\/es\/impressum\/","title":{"rendered":"Aviso legal"},"content":{"rendered":"<p><i>Este aviso legal \/ imprint fue actualizado por \u00faltima vez el 20\/08\/2024.<\/i><\/p>\n<p class=\"cmplz-subtitle\">El propietario de esta web es:<\/p>\n<p>Zofia Behnert<br \/>\nC\/Zamora 5<br \/>\n29670 San Pedro de Alc\u00e1ntara<br \/>\n(M\u00e1laga)<br \/>\nEspa\u00f1a<br \/>\nCorreo electr\u00f3nico:\u00a0info@beautyworld-marbella.com<br \/>\nN\u00famero de tel\u00e9fono: +34952782395<br \/>\nCIF (N\u00famero de IVA):\u00a0X4390942N<\/p>\n","protected":false},"excerpt":{"rendered":"<p>Este aviso legal \/ imprint fue actualizado por \u00faltima vez el 20\/08\/2024. El propietario de esta web es: Zofia Behnert C\/Zamora 5 29670 San Pedro de Alc\u00e1ntara (M\u00e1laga) Espa\u00f1a Correo electr\u00f3nico:\u00a0info@beautyworld-marbella.com N\u00famero de tel\u00e9fono: +34952782395 CIF (N\u00famero de IVA):\u00a0X4390942N<\/p>\n","protected":false},"author":1,"featured_media":0,"parent":0,"menu_order":0,"comment_status":"closed","ping_status":"closed","template":"","meta":{"footnotes":""},"class_list":["post-1065","page","type-page","status-publish","hentry"],"_links":{"self":[{"href":"https:\/\/beautyworld-marbella.com\/es\/wp-json\/wp\/v2\/pages\/1065"}],"collection":[{"href":"https:\/\/beautyworld-marbella.com\/es\/wp-json\/wp\/v2\/pages"}],"about":[{"href":"https:\/\/beautyworld-marbella.com\/es\/wp-json\/wp\/v2\/types\/page"}],"author":[{"embeddable":true,"href":"https:\/\/beautyworld-marbella.com\/es\/wp-json\/wp\/v2\/users\/1"}],"replies":[{"embeddable":true,"href":"https:\/\/beautyworld-marbella.com\/es\/wp-json\/wp\/v2\/comments?post=1065"}],"version-history":[{"count":1,"href":"https:\/\/beautyworld-marbella.com\/es\/wp-json\/wp\/v2\/pages\/1065\/revisions"}],"predecessor-version":[{"id":1746,"href":"https:\/\/beautyworld-marbella.com\/es\/wp-json\/wp\/v2\/pages\/1065\/revisions\/1746"}],"wp:attachment":[{"href":"https:\/\/beautyworld-marbella.com\/es\/wp-json\/wp\/v2\/media?parent=1065"}],"curies":[{"name":"wp","href":"https:\/\/api.w.org\/{rel}","templated":true}]}}